{"id":9568,"date":"2025-06-08T17:33:30","date_gmt":"2025-06-08T14:03:30","guid":{"rendered":"https:\/\/petrola.etodia.net\/product\/pvc-granul\/"},"modified":"2025-07-10T15:30:27","modified_gmt":"2025-07-10T12:00:27","slug":"pvc-granules","status":"publish","type":"product","link":"https:\/\/petrola.co\/tr\/product\/pvc-granules\/","title":{"rendered":"PVC Gran\u00fcl"},"excerpt":{"rendered":"<p>PVC gran\u00fcller, \u00e7e\u015fitli \u00fcr\u00fcnlerin kal\u0131planmas\u0131 ve \u00fcretimi i\u00e7in kullan\u0131lan yayg\u0131n bir termoplastik polimerdir. Yumu\u015fak ve sert olmak \u00fczere iki t\u00fcrde \u00fcretilir ve katk\u0131 maddeleri ile fiziksel \u00f6zelliklerine ba\u011fl\u0131 olarak hafif ve a\u011f\u0131r sanayinin bir\u00e7ok alan\u0131nda kullan\u0131l\u0131r. Kimyasal direnci, mekanik dayan\u0131m\u0131 ve y\u00fcksek \u015fekillendirilebilirli\u011fi temel \u00f6zelliklerindendir.  <\/p>\n","protected":false},"featured_media":10291,"menu_order":0,"template":"","meta":{"_acf_changed":false,"inline_featured_image":false,"_kad_blocks_custom_css":"","_kad_blocks_head_custom_js":"","_kad_blocks_body_custom_js":"","_kad_blocks_footer_custom_js":"","_kad_post_transparent":"","_kad_post_title":"","_kad_post_layout":"","_kad_post_sidebar_id":"","_kad_post_content_style":"","_kad_post_vertical_padding":"","_kad_post_feature":"","_kad_post_feature_position":"","_kad_post_header":false,"_kad_post_footer":false},"brands":[69],"class_list":["post-9568","product","type-product","status-publish","has-post-thumbnail","hentry","brands-ozel-fabrika"],"acf":[],"yoast_head":"<!-- This site is optimized with the Yoast SEO Premium plugin v20.13 (Yoast SEO v27.0) - https:\/\/yoast.com\/product\/yoast-seo-premium-wordpress\/ -->\n<title>PVC Gran\u00fcl - Petrola<\/title>\n<meta name=\"robots\" content=\"index, follow, max-snippet:-1, max-image-preview:large, max-video-preview:-1\" \/>\n<link rel=\"canonical\" href=\"https:\/\/petrola.co\/tr\/product\/pvc-granules\/\" \/>\n<meta property=\"og:locale\" content=\"tr_TR\" \/>\n<meta property=\"og:type\" content=\"article\" \/>\n<meta property=\"og:title\" content=\"PVC Gran\u00fcl\" \/>\n<meta property=\"og:description\" content=\"PVC gran\u00fcller, \u00e7e\u015fitli \u00fcr\u00fcnlerin kal\u0131planmas\u0131 ve \u00fcretimi i\u00e7in kullan\u0131lan yayg\u0131n bir termoplastik polimerdir. Yumu\u015fak ve sert olmak \u00fczere iki t\u00fcrde \u00fcretilir ve katk\u0131 maddeleri ile fiziksel \u00f6zelliklerine ba\u011fl\u0131 olarak hafif ve a\u011f\u0131r sanayinin bir\u00e7ok alan\u0131nda kullan\u0131l\u0131r. Kimyasal direnci, mekanik dayan\u0131m\u0131 ve y\u00fcksek \u015fekillendirilebilirli\u011fi temel \u00f6zelliklerindendir.\" \/>\n<meta property=\"og:url\" content=\"https:\/\/petrola.co\/tr\/product\/pvc-granules\/\" \/>\n<meta property=\"og:site_name\" content=\"Petrola\" \/>\n<meta property=\"article:modified_time\" content=\"2025-07-10T12:00:27+00:00\" \/>\n<meta property=\"og:image\" content=\"https:\/\/petrola.co\/wp-content\/uploads\/2025\/06\/pvc-granules.jpg\" \/>\n\t<meta property=\"og:image:width\" content=\"600\" \/>\n\t<meta property=\"og:image:height\" content=\"600\" \/>\n\t<meta property=\"og:image:type\" content=\"image\/jpeg\" \/>\n<meta name=\"twitter:card\" content=\"summary_large_image\" \/>\n<script type=\"application\/ld+json\" class=\"yoast-schema-graph\">{\"@context\":\"https:\/\/schema.org\",\"@graph\":[{\"@type\":\"WebPage\",\"@id\":\"https:\/\/petrola.co\/tr\/product\/pvc-granules\/\",\"url\":\"https:\/\/petrola.co\/tr\/product\/pvc-granules\/\",\"name\":\"PVC Gran\u00fcl - Petrola\",\"isPartOf\":{\"@id\":\"https:\/\/petrola.co\/tr\/#website\"},\"primaryImageOfPage\":{\"@id\":\"https:\/\/petrola.co\/tr\/product\/pvc-granules\/#primaryimage\"},\"image\":{\"@id\":\"https:\/\/petrola.co\/tr\/product\/pvc-granules\/#primaryimage\"},\"thumbnailUrl\":\"https:\/\/petrola.co\/wp-content\/uploads\/2025\/06\/pvc-granules.jpg\",\"datePublished\":\"2025-06-08T14:03:30+00:00\",\"dateModified\":\"2025-07-10T12:00:27+00:00\",\"breadcrumb\":{\"@id\":\"https:\/\/petrola.co\/tr\/product\/pvc-granules\/#breadcrumb\"},\"inLanguage\":\"tr\",\"potentialAction\":[{\"@type\":\"ReadAction\",\"target\":[\"https:\/\/petrola.co\/tr\/product\/pvc-granules\/\"]}]},{\"@type\":\"ImageObject\",\"inLanguage\":\"tr\",\"@id\":\"https:\/\/petrola.co\/tr\/product\/pvc-granules\/#primaryimage\",\"url\":\"https:\/\/petrola.co\/wp-content\/uploads\/2025\/06\/pvc-granules.jpg\",\"contentUrl\":\"https:\/\/petrola.co\/wp-content\/uploads\/2025\/06\/pvc-granules.jpg\",\"width\":600,\"height\":600,\"caption\":\"\u06af\u0631\u0627\u0646\u0648\u0644 \u067e\u06cc \u0648\u06cc \u0633\u06cc | \u067e\u062a\u0631\u0648\u0644\u0627\"},{\"@type\":\"BreadcrumbList\",\"@id\":\"https:\/\/petrola.co\/tr\/product\/pvc-granules\/#breadcrumb\",\"itemListElement\":[{\"@type\":\"ListItem\",\"position\":1,\"name\":\"\u062e\u0627\u0646\u0647\",\"item\":\"https:\/\/petrola.co\/tr\/\"},{\"@type\":\"ListItem\",\"position\":2,\"name\":\"PVC Gran\u00fcl\"}]},{\"@type\":\"WebSite\",\"@id\":\"https:\/\/petrola.co\/tr\/#website\",\"url\":\"https:\/\/petrola.co\/tr\/\",\"name\":\"\u067e\u062a\u0631\u0648\u0644\u0627\",\"description\":\"\u062a\u0648\u0644\u06cc\u062f \u06a9\u0646\u0646\u062f\u0647 \u0648 \u062a\u0627\u0645\u06cc\u0646 \u06a9\u0646\u0646\u062f\u0647 \u0645\u0648\u0627\u062f \u0634\u0645\u06cc\u0627\u06cc\u06cc\",\"publisher\":{\"@id\":\"https:\/\/petrola.co\/tr\/#organization\"},\"alternateName\":\"\u0634\u0631\u06a9\u062a \u067e\u062a\u0631\u0648\u0644\u0627\",\"potentialAction\":[{\"@type\":\"SearchAction\",\"target\":{\"@type\":\"EntryPoint\",\"urlTemplate\":\"https:\/\/petrola.co\/tr\/?s={search_term_string}\"},\"query-input\":{\"@type\":\"PropertyValueSpecification\",\"valueRequired\":true,\"valueName\":\"search_term_string\"}}],\"inLanguage\":\"tr\"},{\"@type\":\"Organization\",\"@id\":\"https:\/\/petrola.co\/tr\/#organization\",\"name\":\"\u0634\u0631\u06a9\u062a \u067e\u062a\u0631\u0648\u0644\u0627\",\"alternateName\":\"\u0639\u0644\u06cc \u06a9\u06cc\u0627\u0646\u06cc \u0645\u0647\u0631\",\"url\":\"https:\/\/petrola.co\/tr\/\",\"logo\":{\"@type\":\"ImageObject\",\"inLanguage\":\"tr\",\"@id\":\"https:\/\/petrola.co\/tr\/#\/schema\/logo\/image\/\",\"url\":\"https:\/\/petrola.co\/wp-content\/uploads\/2023\/01\/cropped-Fav-icon.png\",\"contentUrl\":\"https:\/\/petrola.co\/wp-content\/uploads\/2023\/01\/cropped-Fav-icon.png\",\"width\":512,\"height\":512,\"caption\":\"\u0634\u0631\u06a9\u062a \u067e\u062a\u0631\u0648\u0644\u0627\"},\"image\":{\"@id\":\"https:\/\/petrola.co\/tr\/#\/schema\/logo\/image\/\"},\"sameAs\":[\"https:\/\/instagram.com\/petrola.co\"]}]}<\/script>\n<!-- \/ Yoast SEO Premium plugin. -->","yoast_head_json":{"title":"PVC Gran\u00fcl - Petrola","robots":{"index":"index","follow":"follow","max-snippet":"max-snippet:-1","max-image-preview":"max-image-preview:large","max-video-preview":"max-video-preview:-1"},"canonical":"https:\/\/petrola.co\/tr\/product\/pvc-granules\/","og_locale":"tr_TR","og_type":"article","og_title":"PVC Gran\u00fcl","og_description":"PVC gran\u00fcller, \u00e7e\u015fitli \u00fcr\u00fcnlerin kal\u0131planmas\u0131 ve \u00fcretimi i\u00e7in kullan\u0131lan yayg\u0131n bir termoplastik polimerdir. Yumu\u015fak ve sert olmak \u00fczere iki t\u00fcrde \u00fcretilir ve katk\u0131 maddeleri ile fiziksel \u00f6zelliklerine ba\u011fl\u0131 olarak hafif ve a\u011f\u0131r sanayinin bir\u00e7ok alan\u0131nda kullan\u0131l\u0131r. Kimyasal direnci, mekanik dayan\u0131m\u0131 ve y\u00fcksek \u015fekillendirilebilirli\u011fi temel \u00f6zelliklerindendir.","og_url":"https:\/\/petrola.co\/tr\/product\/pvc-granules\/","og_site_name":"Petrola","article_modified_time":"2025-07-10T12:00:27+00:00","og_image":[{"width":600,"height":600,"url":"https:\/\/petrola.co\/wp-content\/uploads\/2025\/06\/pvc-granules.jpg","type":"image\/jpeg"}],"twitter_card":"summary_large_image","schema":{"@context":"https:\/\/schema.org","@graph":[{"@type":"WebPage","@id":"https:\/\/petrola.co\/tr\/product\/pvc-granules\/","url":"https:\/\/petrola.co\/tr\/product\/pvc-granules\/","name":"PVC Gran\u00fcl - Petrola","isPartOf":{"@id":"https:\/\/petrola.co\/tr\/#website"},"primaryImageOfPage":{"@id":"https:\/\/petrola.co\/tr\/product\/pvc-granules\/#primaryimage"},"image":{"@id":"https:\/\/petrola.co\/tr\/product\/pvc-granules\/#primaryimage"},"thumbnailUrl":"https:\/\/petrola.co\/wp-content\/uploads\/2025\/06\/pvc-granules.jpg","datePublished":"2025-06-08T14:03:30+00:00","dateModified":"2025-07-10T12:00:27+00:00","breadcrumb":{"@id":"https:\/\/petrola.co\/tr\/product\/pvc-granules\/#breadcrumb"},"inLanguage":"tr","potentialAction":[{"@type":"ReadAction","target":["https:\/\/petrola.co\/tr\/product\/pvc-granules\/"]}]},{"@type":"ImageObject","inLanguage":"tr","@id":"https:\/\/petrola.co\/tr\/product\/pvc-granules\/#primaryimage","url":"https:\/\/petrola.co\/wp-content\/uploads\/2025\/06\/pvc-granules.jpg","contentUrl":"https:\/\/petrola.co\/wp-content\/uploads\/2025\/06\/pvc-granules.jpg","width":600,"height":600,"caption":"\u06af\u0631\u0627\u0646\u0648\u0644 \u067e\u06cc \u0648\u06cc \u0633\u06cc | \u067e\u062a\u0631\u0648\u0644\u0627"},{"@type":"BreadcrumbList","@id":"https:\/\/petrola.co\/tr\/product\/pvc-granules\/#breadcrumb","itemListElement":[{"@type":"ListItem","position":1,"name":"\u062e\u0627\u0646\u0647","item":"https:\/\/petrola.co\/tr\/"},{"@type":"ListItem","position":2,"name":"PVC Gran\u00fcl"}]},{"@type":"WebSite","@id":"https:\/\/petrola.co\/tr\/#website","url":"https:\/\/petrola.co\/tr\/","name":"\u067e\u062a\u0631\u0648\u0644\u0627","description":"\u062a\u0648\u0644\u06cc\u062f \u06a9\u0646\u0646\u062f\u0647 \u0648 \u062a\u0627\u0645\u06cc\u0646 \u06a9\u0646\u0646\u062f\u0647 \u0645\u0648\u0627\u062f \u0634\u0645\u06cc\u0627\u06cc\u06cc","publisher":{"@id":"https:\/\/petrola.co\/tr\/#organization"},"alternateName":"\u0634\u0631\u06a9\u062a \u067e\u062a\u0631\u0648\u0644\u0627","potentialAction":[{"@type":"SearchAction","target":{"@type":"EntryPoint","urlTemplate":"https:\/\/petrola.co\/tr\/?s={search_term_string}"},"query-input":{"@type":"PropertyValueSpecification","valueRequired":true,"valueName":"search_term_string"}}],"inLanguage":"tr"},{"@type":"Organization","@id":"https:\/\/petrola.co\/tr\/#organization","name":"\u0634\u0631\u06a9\u062a \u067e\u062a\u0631\u0648\u0644\u0627","alternateName":"\u0639\u0644\u06cc \u06a9\u06cc\u0627\u0646\u06cc \u0645\u0647\u0631","url":"https:\/\/petrola.co\/tr\/","logo":{"@type":"ImageObject","inLanguage":"tr","@id":"https:\/\/petrola.co\/tr\/#\/schema\/logo\/image\/","url":"https:\/\/petrola.co\/wp-content\/uploads\/2023\/01\/cropped-Fav-icon.png","contentUrl":"https:\/\/petrola.co\/wp-content\/uploads\/2023\/01\/cropped-Fav-icon.png","width":512,"height":512,"caption":"\u0634\u0631\u06a9\u062a \u067e\u062a\u0631\u0648\u0644\u0627"},"image":{"@id":"https:\/\/petrola.co\/tr\/#\/schema\/logo\/image\/"},"sameAs":["https:\/\/instagram.com\/petrola.co"]}]}},"taxonomy_info":{"brands":[{"value":69,"label":"\u00d6zel Fabrika"}]},"featured_image_src_large":["https:\/\/petrola.co\/wp-content\/uploads\/2025\/06\/pvc-granules.jpg",600,600,false],"author_info":[],"comment_info":"","_links":{"self":[{"href":"https:\/\/petrola.co\/tr\/wp-json\/wp\/v2\/product\/9568","targetHints":{"allow":["GET"]}}],"collection":[{"href":"https:\/\/petrola.co\/tr\/wp-json\/wp\/v2\/product"}],"about":[{"href":"https:\/\/petrola.co\/tr\/wp-json\/wp\/v2\/types\/product"}],"wp:featuredmedia":[{"embeddable":true,"href":"https:\/\/petrola.co\/tr\/wp-json\/wp\/v2\/media\/10291"}],"wp:attachment":[{"href":"https:\/\/petrola.co\/tr\/wp-json\/wp\/v2\/media?parent=9568"}],"wp:term":[{"taxonomy":"brands","embeddable":true,"href":"https:\/\/petrola.co\/tr\/wp-json\/wp\/v2\/brands?post=9568"}],"curies":[{"name":"wp","href":"https:\/\/api.w.org\/{rel}","templated":true}]}}