{"id":9545,"date":"2025-06-08T16:09:54","date_gmt":"2025-06-08T12:39:54","guid":{"rendered":"https:\/\/petrola.etodia.net\/product\/sodyum-karbonat\/"},"modified":"2025-09-21T10:30:52","modified_gmt":"2025-09-21T07:00:52","slug":"sodium-carbonate","status":"publish","type":"product","link":"https:\/\/petrola.co\/tr\/product\/sodium-carbonate\/","title":{"rendered":"Sodyum karbonat"},"excerpt":{"rendered":"<p>Sodyum karbonat, yayg\u0131n olarak soda k\u00fcl\u00fc olarak da bilinen, \u00e7e\u015fitli sekt\u00f6rlerde kullan\u0131lan inorganik bir alkali bile\u015fiktir. Hafif ve yo\u011fun olmak \u00fczere iki farkl\u0131 safl\u0131kta \u00fcretilir ve end\u00fcstriyel, \u00fcretimsel ve kimyasal s\u00fcre\u00e7lerde \u00f6nemli bir rol oynar. Fiziksel ve kimyasal \u00f6zellikleri sayesinde soda k\u00fcl\u00fc; cam \u00fcretimi, deterjanlar, k\u00e2\u011f\u0131t end\u00fcstrisi ve g\u0131da sanayii gibi alanlarda yayg\u0131n olarak kullan\u0131lmaktad\u0131r.  <\/p>\n","protected":false},"featured_media":10313,"menu_order":0,"template":"","meta":{"_acf_changed":false,"inline_featured_image":false,"_kad_blocks_custom_css":"","_kad_blocks_head_custom_js":"","_kad_blocks_body_custom_js":"","_kad_blocks_footer_custom_js":"","_kad_post_transparent":"","_kad_post_title":"","_kad_post_layout":"","_kad_post_sidebar_id":"","_kad_post_content_style":"","_kad_post_vertical_padding":"","_kad_post_feature":"","_kad_post_feature_position":"","_kad_post_header":false,"_kad_post_footer":false},"brands":[63],"class_list":["post-9545","product","type-product","status-publish","has-post-thumbnail","hentry","brands-semnan-soda-ash-tr"],"acf":[],"yoast_head":"<!-- This site is optimized with the Yoast SEO Premium plugin v20.13 (Yoast SEO v27.0) - https:\/\/yoast.com\/product\/yoast-seo-premium-wordpress\/ -->\n<title>Sodyum Karbonat Sat\u0131n Al | \u0130hracat i\u00e7in Hafif ve A\u011f\u0131r Sodium Carbonate Sat\u0131\u015f\u0131 | Petrola<\/title>\n<meta name=\"description\" content=\"Cam, deterjan ve ka\u011f\u0131t end\u00fcstrileri i\u00e7in y\u00fcksek safl\u0131kta hafif ve a\u011f\u0131r Sodyum Karbonat. En iyi fiyatla do\u011frudan al\u0131m ve \u00fclke genelinde h\u0131zl\u0131 teslimat.\" \/>\n<meta name=\"robots\" content=\"index, follow, max-snippet:-1, max-image-preview:large, max-video-preview:-1\" \/>\n<link rel=\"canonical\" href=\"https:\/\/petrola.co\/tr\/product\/sodium-carbonate\/\" \/>\n<meta property=\"og:locale\" content=\"tr_TR\" \/>\n<meta property=\"og:type\" content=\"article\" \/>\n<meta property=\"og:title\" content=\"Sodyum karbonat\" \/>\n<meta property=\"og:description\" content=\"Cam, deterjan ve ka\u011f\u0131t end\u00fcstrileri i\u00e7in y\u00fcksek safl\u0131kta hafif ve a\u011f\u0131r Sodyum Karbonat. En iyi fiyatla do\u011frudan al\u0131m ve \u00fclke genelinde h\u0131zl\u0131 teslimat.\" \/>\n<meta property=\"og:url\" content=\"https:\/\/petrola.co\/tr\/product\/sodium-carbonate\/\" \/>\n<meta property=\"og:site_name\" content=\"Petrola\" \/>\n<meta property=\"article:modified_time\" content=\"2025-09-21T07:00:52+00:00\" \/>\n<meta property=\"og:image\" content=\"https:\/\/petrola.co\/wp-content\/uploads\/2025\/06\/sodium-carbonate.jpg\" \/>\n\t<meta property=\"og:image:width\" content=\"600\" \/>\n\t<meta property=\"og:image:height\" content=\"600\" \/>\n\t<meta property=\"og:image:type\" content=\"image\/jpeg\" \/>\n<meta name=\"twitter:card\" content=\"summary_large_image\" \/>\n<script type=\"application\/ld+json\" class=\"yoast-schema-graph\">{\"@context\":\"https:\/\/schema.org\",\"@graph\":[{\"@type\":\"WebPage\",\"@id\":\"https:\/\/petrola.co\/tr\/product\/sodium-carbonate\/\",\"url\":\"https:\/\/petrola.co\/tr\/product\/sodium-carbonate\/\",\"name\":\"Sodyum Karbonat Sat\u0131n Al | \u0130hracat i\u00e7in Hafif ve A\u011f\u0131r Sodium Carbonate Sat\u0131\u015f\u0131 | Petrola\",\"isPartOf\":{\"@id\":\"https:\/\/petrola.co\/tr\/#website\"},\"primaryImageOfPage\":{\"@id\":\"https:\/\/petrola.co\/tr\/product\/sodium-carbonate\/#primaryimage\"},\"image\":{\"@id\":\"https:\/\/petrola.co\/tr\/product\/sodium-carbonate\/#primaryimage\"},\"thumbnailUrl\":\"https:\/\/petrola.co\/wp-content\/uploads\/2025\/06\/sodium-carbonate.jpg\",\"datePublished\":\"2025-06-08T12:39:54+00:00\",\"dateModified\":\"2025-09-21T07:00:52+00:00\",\"description\":\"Cam, deterjan ve ka\u011f\u0131t end\u00fcstrileri i\u00e7in y\u00fcksek safl\u0131kta hafif ve a\u011f\u0131r Sodyum Karbonat. En iyi fiyatla do\u011frudan al\u0131m ve \u00fclke genelinde h\u0131zl\u0131 teslimat.\",\"breadcrumb\":{\"@id\":\"https:\/\/petrola.co\/tr\/product\/sodium-carbonate\/#breadcrumb\"},\"inLanguage\":\"tr\",\"potentialAction\":[{\"@type\":\"ReadAction\",\"target\":[\"https:\/\/petrola.co\/tr\/product\/sodium-carbonate\/\"]}]},{\"@type\":\"ImageObject\",\"inLanguage\":\"tr\",\"@id\":\"https:\/\/petrola.co\/tr\/product\/sodium-carbonate\/#primaryimage\",\"url\":\"https:\/\/petrola.co\/wp-content\/uploads\/2025\/06\/sodium-carbonate.jpg\",\"contentUrl\":\"https:\/\/petrola.co\/wp-content\/uploads\/2025\/06\/sodium-carbonate.jpg\",\"width\":600,\"height\":600,\"caption\":\"Sodyum Karbonat Hafif ve A\u011f\u0131r | Petrola\"},{\"@type\":\"BreadcrumbList\",\"@id\":\"https:\/\/petrola.co\/tr\/product\/sodium-carbonate\/#breadcrumb\",\"itemListElement\":[{\"@type\":\"ListItem\",\"position\":1,\"name\":\"\u062e\u0627\u0646\u0647\",\"item\":\"https:\/\/petrola.co\/tr\/\"},{\"@type\":\"ListItem\",\"position\":2,\"name\":\"Sodyum karbonat\"}]},{\"@type\":\"WebSite\",\"@id\":\"https:\/\/petrola.co\/tr\/#website\",\"url\":\"https:\/\/petrola.co\/tr\/\",\"name\":\"\u067e\u062a\u0631\u0648\u0644\u0627\",\"description\":\"\u062a\u0648\u0644\u06cc\u062f \u06a9\u0646\u0646\u062f\u0647 \u0648 \u062a\u0627\u0645\u06cc\u0646 \u06a9\u0646\u0646\u062f\u0647 \u0645\u0648\u0627\u062f \u0634\u0645\u06cc\u0627\u06cc\u06cc\",\"publisher\":{\"@id\":\"https:\/\/petrola.co\/tr\/#organization\"},\"alternateName\":\"\u0634\u0631\u06a9\u062a \u067e\u062a\u0631\u0648\u0644\u0627\",\"potentialAction\":[{\"@type\":\"SearchAction\",\"target\":{\"@type\":\"EntryPoint\",\"urlTemplate\":\"https:\/\/petrola.co\/tr\/?s={search_term_string}\"},\"query-input\":{\"@type\":\"PropertyValueSpecification\",\"valueRequired\":true,\"valueName\":\"search_term_string\"}}],\"inLanguage\":\"tr\"},{\"@type\":\"Organization\",\"@id\":\"https:\/\/petrola.co\/tr\/#organization\",\"name\":\"\u0634\u0631\u06a9\u062a \u067e\u062a\u0631\u0648\u0644\u0627\",\"alternateName\":\"\u0639\u0644\u06cc \u06a9\u06cc\u0627\u0646\u06cc \u0645\u0647\u0631\",\"url\":\"https:\/\/petrola.co\/tr\/\",\"logo\":{\"@type\":\"ImageObject\",\"inLanguage\":\"tr\",\"@id\":\"https:\/\/petrola.co\/tr\/#\/schema\/logo\/image\/\",\"url\":\"https:\/\/petrola.co\/wp-content\/uploads\/2023\/01\/cropped-Fav-icon.png\",\"contentUrl\":\"https:\/\/petrola.co\/wp-content\/uploads\/2023\/01\/cropped-Fav-icon.png\",\"width\":512,\"height\":512,\"caption\":\"\u0634\u0631\u06a9\u062a \u067e\u062a\u0631\u0648\u0644\u0627\"},\"image\":{\"@id\":\"https:\/\/petrola.co\/tr\/#\/schema\/logo\/image\/\"},\"sameAs\":[\"https:\/\/instagram.com\/petrola.co\"]}]}<\/script>\n<!-- \/ Yoast SEO Premium plugin. -->","yoast_head_json":{"title":"Sodyum Karbonat Sat\u0131n Al | \u0130hracat i\u00e7in Hafif ve A\u011f\u0131r Sodium Carbonate Sat\u0131\u015f\u0131 | Petrola","description":"Cam, deterjan ve ka\u011f\u0131t end\u00fcstrileri i\u00e7in y\u00fcksek safl\u0131kta hafif ve a\u011f\u0131r Sodyum Karbonat. En iyi fiyatla do\u011frudan al\u0131m ve \u00fclke genelinde h\u0131zl\u0131 teslimat.","robots":{"index":"index","follow":"follow","max-snippet":"max-snippet:-1","max-image-preview":"max-image-preview:large","max-video-preview":"max-video-preview:-1"},"canonical":"https:\/\/petrola.co\/tr\/product\/sodium-carbonate\/","og_locale":"tr_TR","og_type":"article","og_title":"Sodyum karbonat","og_description":"Cam, deterjan ve ka\u011f\u0131t end\u00fcstrileri i\u00e7in y\u00fcksek safl\u0131kta hafif ve a\u011f\u0131r Sodyum Karbonat. En iyi fiyatla do\u011frudan al\u0131m ve \u00fclke genelinde h\u0131zl\u0131 teslimat.","og_url":"https:\/\/petrola.co\/tr\/product\/sodium-carbonate\/","og_site_name":"Petrola","article_modified_time":"2025-09-21T07:00:52+00:00","og_image":[{"width":600,"height":600,"url":"https:\/\/petrola.co\/wp-content\/uploads\/2025\/06\/sodium-carbonate.jpg","type":"image\/jpeg"}],"twitter_card":"summary_large_image","schema":{"@context":"https:\/\/schema.org","@graph":[{"@type":"WebPage","@id":"https:\/\/petrola.co\/tr\/product\/sodium-carbonate\/","url":"https:\/\/petrola.co\/tr\/product\/sodium-carbonate\/","name":"Sodyum Karbonat Sat\u0131n Al | \u0130hracat i\u00e7in Hafif ve A\u011f\u0131r Sodium Carbonate Sat\u0131\u015f\u0131 | Petrola","isPartOf":{"@id":"https:\/\/petrola.co\/tr\/#website"},"primaryImageOfPage":{"@id":"https:\/\/petrola.co\/tr\/product\/sodium-carbonate\/#primaryimage"},"image":{"@id":"https:\/\/petrola.co\/tr\/product\/sodium-carbonate\/#primaryimage"},"thumbnailUrl":"https:\/\/petrola.co\/wp-content\/uploads\/2025\/06\/sodium-carbonate.jpg","datePublished":"2025-06-08T12:39:54+00:00","dateModified":"2025-09-21T07:00:52+00:00","description":"Cam, deterjan ve ka\u011f\u0131t end\u00fcstrileri i\u00e7in y\u00fcksek safl\u0131kta hafif ve a\u011f\u0131r Sodyum Karbonat. En iyi fiyatla do\u011frudan al\u0131m ve \u00fclke genelinde h\u0131zl\u0131 teslimat.","breadcrumb":{"@id":"https:\/\/petrola.co\/tr\/product\/sodium-carbonate\/#breadcrumb"},"inLanguage":"tr","potentialAction":[{"@type":"ReadAction","target":["https:\/\/petrola.co\/tr\/product\/sodium-carbonate\/"]}]},{"@type":"ImageObject","inLanguage":"tr","@id":"https:\/\/petrola.co\/tr\/product\/sodium-carbonate\/#primaryimage","url":"https:\/\/petrola.co\/wp-content\/uploads\/2025\/06\/sodium-carbonate.jpg","contentUrl":"https:\/\/petrola.co\/wp-content\/uploads\/2025\/06\/sodium-carbonate.jpg","width":600,"height":600,"caption":"Sodyum Karbonat Hafif ve A\u011f\u0131r | Petrola"},{"@type":"BreadcrumbList","@id":"https:\/\/petrola.co\/tr\/product\/sodium-carbonate\/#breadcrumb","itemListElement":[{"@type":"ListItem","position":1,"name":"\u062e\u0627\u0646\u0647","item":"https:\/\/petrola.co\/tr\/"},{"@type":"ListItem","position":2,"name":"Sodyum karbonat"}]},{"@type":"WebSite","@id":"https:\/\/petrola.co\/tr\/#website","url":"https:\/\/petrola.co\/tr\/","name":"\u067e\u062a\u0631\u0648\u0644\u0627","description":"\u062a\u0648\u0644\u06cc\u062f \u06a9\u0646\u0646\u062f\u0647 \u0648 \u062a\u0627\u0645\u06cc\u0646 \u06a9\u0646\u0646\u062f\u0647 \u0645\u0648\u0627\u062f \u0634\u0645\u06cc\u0627\u06cc\u06cc","publisher":{"@id":"https:\/\/petrola.co\/tr\/#organization"},"alternateName":"\u0634\u0631\u06a9\u062a \u067e\u062a\u0631\u0648\u0644\u0627","potentialAction":[{"@type":"SearchAction","target":{"@type":"EntryPoint","urlTemplate":"https:\/\/petrola.co\/tr\/?s={search_term_string}"},"query-input":{"@type":"PropertyValueSpecification","valueRequired":true,"valueName":"search_term_string"}}],"inLanguage":"tr"},{"@type":"Organization","@id":"https:\/\/petrola.co\/tr\/#organization","name":"\u0634\u0631\u06a9\u062a \u067e\u062a\u0631\u0648\u0644\u0627","alternateName":"\u0639\u0644\u06cc \u06a9\u06cc\u0627\u0646\u06cc \u0645\u0647\u0631","url":"https:\/\/petrola.co\/tr\/","logo":{"@type":"ImageObject","inLanguage":"tr","@id":"https:\/\/petrola.co\/tr\/#\/schema\/logo\/image\/","url":"https:\/\/petrola.co\/wp-content\/uploads\/2023\/01\/cropped-Fav-icon.png","contentUrl":"https:\/\/petrola.co\/wp-content\/uploads\/2023\/01\/cropped-Fav-icon.png","width":512,"height":512,"caption":"\u0634\u0631\u06a9\u062a \u067e\u062a\u0631\u0648\u0644\u0627"},"image":{"@id":"https:\/\/petrola.co\/tr\/#\/schema\/logo\/image\/"},"sameAs":["https:\/\/instagram.com\/petrola.co"]}]}},"taxonomy_info":{"brands":[{"value":63,"label":"Semnan Soda Ash"}]},"featured_image_src_large":["https:\/\/petrola.co\/wp-content\/uploads\/2025\/06\/sodium-carbonate.jpg",600,600,false],"author_info":[],"comment_info":"","_links":{"self":[{"href":"https:\/\/petrola.co\/tr\/wp-json\/wp\/v2\/product\/9545","targetHints":{"allow":["GET"]}}],"collection":[{"href":"https:\/\/petrola.co\/tr\/wp-json\/wp\/v2\/product"}],"about":[{"href":"https:\/\/petrola.co\/tr\/wp-json\/wp\/v2\/types\/product"}],"wp:featuredmedia":[{"embeddable":true,"href":"https:\/\/petrola.co\/tr\/wp-json\/wp\/v2\/media\/10313"}],"wp:attachment":[{"href":"https:\/\/petrola.co\/tr\/wp-json\/wp\/v2\/media?parent=9545"}],"wp:term":[{"taxonomy":"brands","embeddable":true,"href":"https:\/\/petrola.co\/tr\/wp-json\/wp\/v2\/brands?post=9545"}],"curies":[{"name":"wp","href":"https:\/\/api.w.org\/{rel}","templated":true}]}}