{"id":8158,"date":"2025-06-08T13:10:27","date_gmt":"2025-06-08T09:40:27","guid":{"rendered":"https:\/\/petrola.etodia.net\/product\/kostik-soda\/"},"modified":"2025-09-21T13:51:23","modified_gmt":"2025-09-21T10:21:23","slug":"caustic-soda","status":"publish","type":"product","link":"https:\/\/petrola.co\/tr\/product\/caustic-soda\/","title":{"rendered":"Kostik soda"},"excerpt":{"rendered":"<p>Kostik soda veya sodyum hidroksit, bir\u00e7ok end\u00fcstride yayg\u0131n olarak kullan\u0131lan temel kimyasal maddelerden biridir ve kat\u0131 (pul) ile s\u0131v\u0131 formda sunulmaktad\u0131r. Bu g\u00fc\u00e7l\u00fc bazik madde, \u00fcretim s\u00fcre\u00e7lerinde, ar\u0131tmalarda ve farkl\u0131 \u00fcr\u00fcnlerin form\u00fclasyonlar\u0131nda etkili bir bile\u015fen olarak kullan\u0131lmaktad\u0131r. Kostik soda, sahip oldu\u011fu \u00f6zel kimyasal \u00f6zellikler sayesinde kimya, petrokimya, k\u00e2\u011f\u0131t, tekstil ve bir\u00e7ok ba\u015fka sekt\u00f6rde kilit bir rol oynamaktad\u0131r.  <\/p>\n","protected":false},"featured_media":10330,"menu_order":0,"template":"","meta":{"_acf_changed":false,"inline_featured_image":false,"_kad_blocks_custom_css":"","_kad_blocks_head_custom_js":"","_kad_blocks_body_custom_js":"","_kad_blocks_footer_custom_js":"","_kad_post_transparent":"default","_kad_post_title":"","_kad_post_layout":"default","_kad_post_sidebar_id":"","_kad_post_content_style":"default","_kad_post_vertical_padding":"default","_kad_post_feature":"","_kad_post_feature_position":"","_kad_post_header":false,"_kad_post_footer":false},"brands":[54,51],"class_list":["post-8158","product","type-product","status-publish","has-post-thumbnail","hentry","brands-ccpc-tr","brands-petrola-tr"],"acf":[],"yoast_head":"<!-- This site is optimized with the Yoast SEO Premium plugin v20.13 (Yoast SEO v27.0) - https:\/\/yoast.com\/product\/yoast-seo-premium-wordpress\/ -->\n<title>\u0130ran\u2019da g\u00fcvenilir kostik soda \u00fcreticisi<\/title>\n<meta name=\"description\" content=\"Petrola kostik soda pullar\u0131 y\u00fcksek safl\u0131kta \u00fcretilmektedir. End\u00fcstriyel kullan\u0131mlar ve ya\u011f giderme i\u00e7in kostik soda sat\u0131n almak isterseniz, ekibimizle ileti\u015fime ge\u00e7ebilirsiniz.\" \/>\n<meta name=\"robots\" content=\"index, follow, max-snippet:-1, max-image-preview:large, max-video-preview:-1\" \/>\n<link rel=\"canonical\" href=\"https:\/\/petrola.co\/tr\/product\/caustic-soda\/\" \/>\n<meta property=\"og:locale\" content=\"tr_TR\" \/>\n<meta property=\"og:type\" content=\"article\" \/>\n<meta property=\"og:title\" content=\"Kostik Soda Pul Sat\u0131\u015f\u0131 | Y\u00fcksek Safl\u0131k &amp; H\u0131zl\u0131 Teslimat\" \/>\n<meta property=\"og:description\" content=\"End\u00fcstriyel kullan\u0131m i\u00e7in safl\u0131kta Kostik Soda Pul. Y\u00fcksek kalite, rekabet\u00e7i fiyat ve h\u0131zl\u0131 teslimat.Kostik Soda Pullar\u0131n\u0131 g\u00fcvenilir \u00fcreticiden sat\u0131n al\u0131n. Standart ambalaj, g\u00fcvenli nakliye ve toptan sat\u0131\u015f.Deterjan, ka\u011f\u0131t, tekstil ve kimya sanayisi i\u00e7in kostik soda pul. Bug\u00fcn fiyat al\u0131n.\" \/>\n<meta property=\"og:url\" content=\"https:\/\/petrola.co\/tr\/product\/caustic-soda\/\" \/>\n<meta property=\"og:site_name\" content=\"Petrola\" \/>\n<meta property=\"article:modified_time\" content=\"2025-09-21T10:21:23+00:00\" \/>\n<meta property=\"og:image\" content=\"https:\/\/petrola.co\/wp-content\/uploads\/2025\/06\/caustic-soda.jpg\" \/>\n\t<meta property=\"og:image:width\" content=\"600\" \/>\n\t<meta property=\"og:image:height\" content=\"600\" \/>\n\t<meta property=\"og:image:type\" content=\"image\/jpeg\" \/>\n<meta name=\"twitter:card\" content=\"summary_large_image\" \/>\n<meta name=\"twitter:title\" content=\"Kostik soda\" \/>\n<meta name=\"twitter:label1\" content=\"Tahmini okuma s\u00fcresi\" \/>\n\t<meta name=\"twitter:data1\" content=\"1 dakika\" \/>\n<script type=\"application\/ld+json\" class=\"yoast-schema-graph\">{\"@context\":\"https:\/\/schema.org\",\"@graph\":[{\"@type\":\"WebPage\",\"@id\":\"https:\/\/petrola.co\/tr\/product\/caustic-soda\/\",\"url\":\"https:\/\/petrola.co\/tr\/product\/caustic-soda\/\",\"name\":\"\u0130ran\u2019da g\u00fcvenilir kostik soda \u00fcreticisi\",\"isPartOf\":{\"@id\":\"https:\/\/petrola.co\/tr\/#website\"},\"primaryImageOfPage\":{\"@id\":\"https:\/\/petrola.co\/tr\/product\/caustic-soda\/#primaryimage\"},\"image\":{\"@id\":\"https:\/\/petrola.co\/tr\/product\/caustic-soda\/#primaryimage\"},\"thumbnailUrl\":\"https:\/\/petrola.co\/wp-content\/uploads\/2025\/06\/caustic-soda.jpg\",\"datePublished\":\"2025-06-08T09:40:27+00:00\",\"dateModified\":\"2025-09-21T10:21:23+00:00\",\"description\":\"Petrola kostik soda pullar\u0131 y\u00fcksek safl\u0131kta \u00fcretilmektedir. End\u00fcstriyel kullan\u0131mlar ve ya\u011f giderme i\u00e7in kostik soda sat\u0131n almak isterseniz, ekibimizle ileti\u015fime ge\u00e7ebilirsiniz.\",\"breadcrumb\":{\"@id\":\"https:\/\/petrola.co\/tr\/product\/caustic-soda\/#breadcrumb\"},\"inLanguage\":\"tr\",\"potentialAction\":[{\"@type\":\"ReadAction\",\"target\":[\"https:\/\/petrola.co\/tr\/product\/caustic-soda\/\"]}]},{\"@type\":\"ImageObject\",\"inLanguage\":\"tr\",\"@id\":\"https:\/\/petrola.co\/tr\/product\/caustic-soda\/#primaryimage\",\"url\":\"https:\/\/petrola.co\/wp-content\/uploads\/2025\/06\/caustic-soda.jpg\",\"contentUrl\":\"https:\/\/petrola.co\/wp-content\/uploads\/2025\/06\/caustic-soda.jpg\",\"width\":600,\"height\":600,\"caption\":\"Kostik Soda Pul | Petrola\"},{\"@type\":\"BreadcrumbList\",\"@id\":\"https:\/\/petrola.co\/tr\/product\/caustic-soda\/#breadcrumb\",\"itemListElement\":[{\"@type\":\"ListItem\",\"position\":1,\"name\":\"\u062e\u0627\u0646\u0647\",\"item\":\"https:\/\/petrola.co\/tr\/\"},{\"@type\":\"ListItem\",\"position\":2,\"name\":\"Kostik soda\"}]},{\"@type\":\"WebSite\",\"@id\":\"https:\/\/petrola.co\/tr\/#website\",\"url\":\"https:\/\/petrola.co\/tr\/\",\"name\":\"\u067e\u062a\u0631\u0648\u0644\u0627\",\"description\":\"\u062a\u0648\u0644\u06cc\u062f \u06a9\u0646\u0646\u062f\u0647 \u0648 \u062a\u0627\u0645\u06cc\u0646 \u06a9\u0646\u0646\u062f\u0647 \u0645\u0648\u0627\u062f \u0634\u0645\u06cc\u0627\u06cc\u06cc\",\"publisher\":{\"@id\":\"https:\/\/petrola.co\/tr\/#organization\"},\"alternateName\":\"\u0634\u0631\u06a9\u062a \u067e\u062a\u0631\u0648\u0644\u0627\",\"potentialAction\":[{\"@type\":\"SearchAction\",\"target\":{\"@type\":\"EntryPoint\",\"urlTemplate\":\"https:\/\/petrola.co\/tr\/?s={search_term_string}\"},\"query-input\":{\"@type\":\"PropertyValueSpecification\",\"valueRequired\":true,\"valueName\":\"search_term_string\"}}],\"inLanguage\":\"tr\"},{\"@type\":\"Organization\",\"@id\":\"https:\/\/petrola.co\/tr\/#organization\",\"name\":\"\u0634\u0631\u06a9\u062a \u067e\u062a\u0631\u0648\u0644\u0627\",\"alternateName\":\"\u0639\u0644\u06cc \u06a9\u06cc\u0627\u0646\u06cc \u0645\u0647\u0631\",\"url\":\"https:\/\/petrola.co\/tr\/\",\"logo\":{\"@type\":\"ImageObject\",\"inLanguage\":\"tr\",\"@id\":\"https:\/\/petrola.co\/tr\/#\/schema\/logo\/image\/\",\"url\":\"https:\/\/petrola.co\/wp-content\/uploads\/2023\/01\/cropped-Fav-icon.png\",\"contentUrl\":\"https:\/\/petrola.co\/wp-content\/uploads\/2023\/01\/cropped-Fav-icon.png\",\"width\":512,\"height\":512,\"caption\":\"\u0634\u0631\u06a9\u062a \u067e\u062a\u0631\u0648\u0644\u0627\"},\"image\":{\"@id\":\"https:\/\/petrola.co\/tr\/#\/schema\/logo\/image\/\"},\"sameAs\":[\"https:\/\/instagram.com\/petrola.co\"]}]}<\/script>\n<!-- \/ Yoast SEO Premium plugin. -->","yoast_head_json":{"title":"\u0130ran\u2019da g\u00fcvenilir kostik soda \u00fcreticisi","description":"Petrola kostik soda pullar\u0131 y\u00fcksek safl\u0131kta \u00fcretilmektedir. End\u00fcstriyel kullan\u0131mlar ve ya\u011f giderme i\u00e7in kostik soda sat\u0131n almak isterseniz, ekibimizle ileti\u015fime ge\u00e7ebilirsiniz.","robots":{"index":"index","follow":"follow","max-snippet":"max-snippet:-1","max-image-preview":"max-image-preview:large","max-video-preview":"max-video-preview:-1"},"canonical":"https:\/\/petrola.co\/tr\/product\/caustic-soda\/","og_locale":"tr_TR","og_type":"article","og_title":"Kostik Soda Pul Sat\u0131\u015f\u0131 | Y\u00fcksek Safl\u0131k & H\u0131zl\u0131 Teslimat","og_description":"End\u00fcstriyel kullan\u0131m i\u00e7in safl\u0131kta Kostik Soda Pul. Y\u00fcksek kalite, rekabet\u00e7i fiyat ve h\u0131zl\u0131 teslimat.Kostik Soda Pullar\u0131n\u0131 g\u00fcvenilir \u00fcreticiden sat\u0131n al\u0131n. Standart ambalaj, g\u00fcvenli nakliye ve toptan sat\u0131\u015f.Deterjan, ka\u011f\u0131t, tekstil ve kimya sanayisi i\u00e7in kostik soda pul. Bug\u00fcn fiyat al\u0131n.","og_url":"https:\/\/petrola.co\/tr\/product\/caustic-soda\/","og_site_name":"Petrola","article_modified_time":"2025-09-21T10:21:23+00:00","og_image":[{"width":600,"height":600,"url":"https:\/\/petrola.co\/wp-content\/uploads\/2025\/06\/caustic-soda.jpg","type":"image\/jpeg"}],"twitter_card":"summary_large_image","twitter_title":"Kostik soda","twitter_misc":{"Tahmini okuma s\u00fcresi":"1 dakika"},"schema":{"@context":"https:\/\/schema.org","@graph":[{"@type":"WebPage","@id":"https:\/\/petrola.co\/tr\/product\/caustic-soda\/","url":"https:\/\/petrola.co\/tr\/product\/caustic-soda\/","name":"\u0130ran\u2019da g\u00fcvenilir kostik soda \u00fcreticisi","isPartOf":{"@id":"https:\/\/petrola.co\/tr\/#website"},"primaryImageOfPage":{"@id":"https:\/\/petrola.co\/tr\/product\/caustic-soda\/#primaryimage"},"image":{"@id":"https:\/\/petrola.co\/tr\/product\/caustic-soda\/#primaryimage"},"thumbnailUrl":"https:\/\/petrola.co\/wp-content\/uploads\/2025\/06\/caustic-soda.jpg","datePublished":"2025-06-08T09:40:27+00:00","dateModified":"2025-09-21T10:21:23+00:00","description":"Petrola kostik soda pullar\u0131 y\u00fcksek safl\u0131kta \u00fcretilmektedir. End\u00fcstriyel kullan\u0131mlar ve ya\u011f giderme i\u00e7in kostik soda sat\u0131n almak isterseniz, ekibimizle ileti\u015fime ge\u00e7ebilirsiniz.","breadcrumb":{"@id":"https:\/\/petrola.co\/tr\/product\/caustic-soda\/#breadcrumb"},"inLanguage":"tr","potentialAction":[{"@type":"ReadAction","target":["https:\/\/petrola.co\/tr\/product\/caustic-soda\/"]}]},{"@type":"ImageObject","inLanguage":"tr","@id":"https:\/\/petrola.co\/tr\/product\/caustic-soda\/#primaryimage","url":"https:\/\/petrola.co\/wp-content\/uploads\/2025\/06\/caustic-soda.jpg","contentUrl":"https:\/\/petrola.co\/wp-content\/uploads\/2025\/06\/caustic-soda.jpg","width":600,"height":600,"caption":"Kostik Soda Pul | Petrola"},{"@type":"BreadcrumbList","@id":"https:\/\/petrola.co\/tr\/product\/caustic-soda\/#breadcrumb","itemListElement":[{"@type":"ListItem","position":1,"name":"\u062e\u0627\u0646\u0647","item":"https:\/\/petrola.co\/tr\/"},{"@type":"ListItem","position":2,"name":"Kostik soda"}]},{"@type":"WebSite","@id":"https:\/\/petrola.co\/tr\/#website","url":"https:\/\/petrola.co\/tr\/","name":"\u067e\u062a\u0631\u0648\u0644\u0627","description":"\u062a\u0648\u0644\u06cc\u062f \u06a9\u0646\u0646\u062f\u0647 \u0648 \u062a\u0627\u0645\u06cc\u0646 \u06a9\u0646\u0646\u062f\u0647 \u0645\u0648\u0627\u062f \u0634\u0645\u06cc\u0627\u06cc\u06cc","publisher":{"@id":"https:\/\/petrola.co\/tr\/#organization"},"alternateName":"\u0634\u0631\u06a9\u062a \u067e\u062a\u0631\u0648\u0644\u0627","potentialAction":[{"@type":"SearchAction","target":{"@type":"EntryPoint","urlTemplate":"https:\/\/petrola.co\/tr\/?s={search_term_string}"},"query-input":{"@type":"PropertyValueSpecification","valueRequired":true,"valueName":"search_term_string"}}],"inLanguage":"tr"},{"@type":"Organization","@id":"https:\/\/petrola.co\/tr\/#organization","name":"\u0634\u0631\u06a9\u062a \u067e\u062a\u0631\u0648\u0644\u0627","alternateName":"\u0639\u0644\u06cc \u06a9\u06cc\u0627\u0646\u06cc \u0645\u0647\u0631","url":"https:\/\/petrola.co\/tr\/","logo":{"@type":"ImageObject","inLanguage":"tr","@id":"https:\/\/petrola.co\/tr\/#\/schema\/logo\/image\/","url":"https:\/\/petrola.co\/wp-content\/uploads\/2023\/01\/cropped-Fav-icon.png","contentUrl":"https:\/\/petrola.co\/wp-content\/uploads\/2023\/01\/cropped-Fav-icon.png","width":512,"height":512,"caption":"\u0634\u0631\u06a9\u062a \u067e\u062a\u0631\u0648\u0644\u0627"},"image":{"@id":"https:\/\/petrola.co\/tr\/#\/schema\/logo\/image\/"},"sameAs":["https:\/\/instagram.com\/petrola.co"]}]}},"taxonomy_info":{"brands":[{"value":54,"label":"Chloran (CCPC)"},{"value":51,"label":"Petrola"}]},"featured_image_src_large":["https:\/\/petrola.co\/wp-content\/uploads\/2025\/06\/caustic-soda.jpg",600,600,false],"author_info":[],"comment_info":"","_links":{"self":[{"href":"https:\/\/petrola.co\/tr\/wp-json\/wp\/v2\/product\/8158","targetHints":{"allow":["GET"]}}],"collection":[{"href":"https:\/\/petrola.co\/tr\/wp-json\/wp\/v2\/product"}],"about":[{"href":"https:\/\/petrola.co\/tr\/wp-json\/wp\/v2\/types\/product"}],"wp:featuredmedia":[{"embeddable":true,"href":"https:\/\/petrola.co\/tr\/wp-json\/wp\/v2\/media\/10330"}],"wp:attachment":[{"href":"https:\/\/petrola.co\/tr\/wp-json\/wp\/v2\/media?parent=8158"}],"wp:term":[{"taxonomy":"brands","embeddable":true,"href":"https:\/\/petrola.co\/tr\/wp-json\/wp\/v2\/brands?post=8158"}],"curies":[{"name":"wp","href":"https:\/\/api.w.org\/{rel}","templated":true}]}}